{"id":4710,"date":"2020-02-18T16:22:52","date_gmt":"2020-02-18T16:22:52","guid":{"rendered":"https:\/\/tragopsamsung.tabletplaza.vn\/?page_id=4710"},"modified":"2024-02-18T09:15:59","modified_gmt":"2024-02-18T09:15:59","slug":"trade-huong-dan-chi-tiet-cach-choi-game-bai-lieng-tren-go88-tra-gop-dien-thoai-samsung-tabletplaza","status":"publish","type":"page","link":"https:\/\/tragopsamsung.tabletplaza.vn\/?page_id=4710","title":{"rendered":"Trade | H\u01b0\u1edbng d\u1eabn chi ti\u1ebft c\u00e1ch ch\u01a1i game b\u00e0i li\u00eang tr\u00ean Go88 | Tr\u1ea3 g\u00f3p \u0110i\u1ec7n Tho\u1ea1i Samsung TabletPlaza"},"content":{"rendered":"<h2>Hi\u1ec3u v\u1ec1 game b\u00e0i li\u00eang \u0111\u1ed5i th\u01b0\u1edfng<\/h2>\n<p>Game b\u00e0i Li\u00eang \u1edf&nbsp;<a href=\"https:\/\/scoreahit.com\/\"><strong><span style=\"font-size:14px\">Go88<\/span><\/strong><\/a>&nbsp;\u0111\u01b0\u1ee3c ti\u1ebfn h\u00e0nh b\u1eb1ng b\u1ed9 b\u00e0i 52 l\u00e1 b\u00e0i T\u00e2y v\u00e0 \u0111\u01b0\u1ee3c r\u1ea5t nhi\u1ec1u ng\u01b0\u1eddi ch\u01a1i s\u0103n \u0111\u00f3n tham gia m\u1ed7i ng\u00e0y. Tr\u00f2 ch\u01a1i n\u00e0y mang t\u00ednh tr\u00ed tu\u1ec7 r\u1ea5t cao n\u00ean \u0111\u01b0\u1ee3c r\u1ea5t nhi\u1ec1u ng\u01b0\u1eddi ch\u01a1i y\u00eau th\u00edch.&nbsp;<\/p>\n<div class=\"wp-block-image\" style=\"box-sizing: border-box; color: rgb(0, 0, 0); font-family: Roboto, sans-serif; font-size: 16px;\"><img alt=\"S\u01a1 l\u01b0\u1ee3c v\u00e0i n\u00e9t v\u1ec1 Li\u00eang l\u00e0 g\u00ec?\" class=\"wp-image-369\" src=\"https:\/\/taigamego88.info\/wp-content\/uploads\/2023\/07\/lieng-go88-1.jpg\" style=\"border-style:none; box-sizing:border-box; display:inline-block; height:auto; max-width:100%; opacity:1; transition:opacity 1s ease 0s; vertical-align:bottom; width:800px\" \/><\/p>\n<p>S\u01a1 l\u01b0\u1ee3c v\u00e0i n\u00e9t v\u1ec1 Li\u00eang l\u00e0 g\u00ec?<\/p>\n<\/div>\n<p>Tr\u00f2 ch\u01a1i&nbsp;Li\u00eang Go88&nbsp;c\u00f3 \u0111\u1ed9 kh\u00f3 t\u01b0\u01a1ng \u0111\u1ed1i v\u00e0 ng\u01b0\u1eddi ch\u01a1i c\u1ea7n ph\u1ea3i d\u00e0nh nhi\u1ec1u th\u1eddi gian \u0111\u1ec3 t\u00ecm hi\u1ec3u c\u00e1c th\u00f4ng tin \u0111\u1ec3 c\u00e1 c\u01b0\u1ee3c th\u00e0nh c\u00f4ng v\u00e0 s\u0103n \u0111\u01b0\u1ee3c ti\u1ec1n th\u01b0\u1edfng l\u1edbn.<\/p>\n<h2>C\u00e1ch ph\u00e2n th\u1eafng thua trong b\u00e0i li\u00eang<\/h2>\n<p>\u0110\u1ec3 b\u1eaft \u0111\u1ea7u tr\u00f2 ch\u01a1i Li\u00eang, anh em c\u01b0\u1ee3c th\u1ee7 c\u1ea7n ph\u1ea3i nhanh ch\u00f3ng n\u1eafm b\u1eaft \u0111\u01b0\u1ee3c lu\u1eadt ch\u01a1i c\u01a1 b\u1ea3n nh\u01b0 sau:<\/p>\n<p>Ng\u01b0\u1eddi ch\u01a1i c\u1ea7n chu\u1ea9n b\u1ecb cho m\u00ecnh m\u1ed9t ngu\u1ed3n v\u1ed1n \u0111\u1ec3 \u0111\u1eb7t c\u01b0\u1ee3c v\u00e0o v\u00e1n c\u01b0\u1ee3c b\u00e0i Li\u00eang, anh em n\u00ean bi\u1ebft c\u00e1ch ph\u00e2n chia m\u1ee9c c\u01b0\u1ee3c h\u1ee3p l\u00fd \u0111\u1ec3 \u0111\u1ea3m b\u1ea3o an to\u00e0n v\u00e0 tr\u00e1nh \u0111\u01b0\u1ee3c nh\u1eefng r\u1ee7i ro.<\/p>\n<p>Tr\u00f2 ch\u01a1i s\u1ebd \u0111\u01b0\u1ee3c b\u1eaft \u0111\u1ea7u sau khi ng\u01b0\u1eddi ch\u01a1i \u0111\u00e3 \u0111\u1eb7t c\u01b0\u1ee3c ho\u00e0n t\u1ea5t, m\u1ed7i ng\u01b0\u1eddi ch\u01a1i s\u1ebd \u0111\u01b0\u1ee3c chia 3 l\u00e1 b\u00e0i b\u1ea5t k\u1ef3 v\u00e0 ng\u01b0\u1eddi ch\u01a1i s\u1ebd c\u00f3 20 gi\u00e2y \u0111\u1ec3 b\u1eaft \u0111\u1ea7u t\u1ed1 b\u00e0i n\u1ebfu b\u00e0i anh em \u0111i\u1ec3m cao c\u00f3 kh\u1ea3 n\u0103ng chi\u1ebfn th\u1eafng.<\/p>\n<div class=\"wp-block-image\" style=\"box-sizing: border-box; color: rgb(0, 0, 0); font-family: Roboto, sans-serif; font-size: 16px;\"><img alt=\"Lu\u1eadt ch\u01a1i c\u1ee7a Li\u00eang Go88 nh\u01b0 th\u1ebf n\u00e0o?\" class=\"wp-image-370\" src=\"https:\/\/taigamego88.info\/wp-content\/uploads\/2023\/07\/lieng-go88-2.jpg\" style=\"border-style:none; box-sizing:border-box; display:inline-block; height:auto; max-width:100%; opacity:1; transition:opacity 1s ease 0s; vertical-align:bottom; width:800px\" \/><\/p>\n<p>Lu\u1eadt ch\u01a1i c\u1ee7a Li\u00eang Go88 nh\u01b0 th\u1ebf n\u00e0o?<\/p>\n<\/div>\n<h3>M\u1ed9t s\u1ed1 thu\u1eadt ng\u1eef trong tr\u00f2 ch\u01a1i Li\u00eang Go88<\/h3>\n<p>Game b\u00e0i Li\u00eang \u0111\u01b0\u1ee3c \u0111\u00e1nh gi\u00e1 v\u1ec1 m\u1eb7t tr\u00ed tu\u1ec7 kh\u00e1 cao, \u0111\u1ec3 nhanh ch\u00f3ng chi\u1ebfn th\u1eafng \u0111\u01b0\u1ee3c tr\u00f2 ch\u01a1i n\u00e0y th\u00ec ch\u1eafc ch\u1eafn ng\u01b0\u1eddi ch\u01a1i ph\u1ea3i t\u00ecm hi\u1ec3u m\u1ed9t v\u00e0i thu\u1eadt ng\u1eef c\u00e1 c\u01b0\u1ee3c nh\u01b0 sau:<\/p>\n<ul>\n<li>Li\u00eang: \u0110\u00e2y l\u00e0 thu\u1eadt ng\u1eef khi 3 qu\u00e2n b\u00e0i c\u1ee7a ng\u01b0\u1eddi ch\u01a1i c\u00f3 3 gi\u00e1 tr\u1ecb li\u00ean ti\u1ebfp c\u00f3 th\u1ec3 kh\u00f4ng c\u00f9ng ch\u1ea5t nh\u01b0: J,Q,K \u0111\u1ec1u \u0111\u01b0\u1ee3c t\u1eeb nh\u1ecf \u0111\u1ebfn l\u1edbn. Khi gia tr\u1ecb c\u1ee7a li\u00eang c\u00e0ng cao th\u00ec t\u1ec9 l\u1ec7 th\u1eafng c\u1ee7a ng\u01b0\u1eddi ch\u01a1i s\u1ebd c\u00e0ng l\u1edbn h\u01a1n. N\u1ebfu xu\u1ea5t hi\u1ec7n tr\u01b0\u1eddng h\u1ee3p c\u00f3 2 ng\u01b0\u1eddi ch\u01a1i c\u00f3 c\u00f9ng gi\u00e1 tr\u1ecb b\u00e0i li\u00ean th\u00ec s\u1ebd so b\u00e0 v\u1ec1 ch\u1ea5t xem ng\u01b0\u1eddi ch\u01a1i n\u00e0o c\u00f3 b\u1ed9 li\u00eang l\u1edbn h\u01a1n.<\/li>\n<li>S\u00e1p: \u0110\u00e2y l\u00e0 thu\u1eadt ng\u1eef m\u00e0 ng\u01b0\u1eddi ch\u01a1i s\u1edf h\u1eefu 3 qu\u00e2n b\u00e0i gi\u1ed1ng nhau. B\u1ed9 b\u00e0i s\u00e1p l\u1edbn nh\u1ea5t l\u00e0 3 qu\u00e2n A v\u00e0 gi\u00e1 tr\u1ecb s\u1ebd nh\u1ecf d\u1ea7n theo \u0111\u00f3.<\/li>\n<\/ul>\n<h2>C\u00e1ch ch\u01a1i b\u00e0i li\u00eang Go88<\/h2>\n<p>C\u00e1ch ch\u01a1i game b\u00e0i&nbsp;Li\u00eang Go88&nbsp;s\u1ebd \u0111\u01b0\u1ee3c t\u00ednh to\u00e1n \u0111i\u1ec3m theo c\u00e1c quy \u0111\u1ecbnh c\u1ee5 th\u1ec3 nh\u01b0 sau:<\/p>\n<p>C\u00e1c qu\u00e2n b\u00e0i n\u1eafm trong gi\u00e1 tr\u1ecb t\u1eeb 10 \u0111\u1ebfn K \u0111\u1ec1u c\u00f3 gi\u00e1 tr\u1ecb b\u1eb1ng 0.<\/p>\n<p>Qu\u00e2n b\u00e0i A s\u1ebd \u0111\u01b0\u1ee3c t\u00ednh l\u00e0 1 \u0111i\u1ec3m v\u00e0 c\u00e1c l\u00e1 b\u00e0i c\u00f2n l\u1ea1i t\u1eeb 2 \u0111\u1ebfn 9 s\u1ebd c\u00f3 gi\u00e1 tr\u1ecb t\u01b0\u01a1ng \u1ee9ng s\u1ed1 in tr\u00ean qu\u00e2n b\u00e0i. B\u00ean c\u1ea1nh \u0111\u00f3, ng\u01b0\u1eddi ch\u01a1i c\u0169ng c\u1ea7n ph\u1ea3i ch\u00fa \u00fd \u0111\u1ebfn m\u1ed9t v\u00e0i b\u1ed9 b\u00e0i \u0111\u1eb7c bi\u1ec7t:<\/p>\n<ul>\n<li>S\u00e1p l\u00e0 b\u1ed9 b\u00e0i c\u00f3 3 l\u00e1 gi\u1ed1ng nhau.<\/li>\n<li>Li\u00eang l\u00e0 b\u1ed9 b\u00e0i li\u1ec1n m\u1ea1ch li\u00ean ti\u1ebfp nhau nh\u01b0 3-4-5,&hellip;<\/li>\n<li>\u1ea2nh: L\u00e0 ng\u01b0\u1eddi ch\u01a1i s\u1edf h\u1eefu b\u1ed9 b\u00e0i c\u00f3 gi\u00e1 tr\u1ecb m\u1eb7t ch\u1eef nh\u01b0 J, Q, K<\/li>\n<\/ul>\n<p>Ng\u01b0\u1eddi ch\u01a1i c\u1ea7n ph\u1ea3i s\u1eafp x\u1ebfp v\u00e0 t\u1ed1 b\u00e0i, b\u1ecf b\u00e0i ho\u1eb7c theo b\u00e0i sao cho h\u1ee3p l\u00fd nh\u1ea5t \u0111\u1ec3 gi\u00e0nh \u0111\u01b0\u1ee3c chi\u1ebfn th\u1eafng.<\/p>\n<h2>Nh\u1eefng v\u1ea5n \u0111\u1ec1 c\u1ea7n l\u01b0u \u00fd khi ch\u01a1i li\u00eang t\u1ea1i Go88<\/h2>\n<p>Sau khi \u0111\u00e3 n\u1eafm \u0111\u01b0\u1ee3c nh\u1eefng th\u00f4ng tin chi ti\u1ebft v\u1ec1 game c\u00e1 c\u01b0\u1ee3c&nbsp;Li\u00eang Go88, anh em c\u01b0\u1ee3c th\u1ee7 c\u1ea7n ph\u1ea3i nghi\u00ean c\u1ee9u th\u00eam nh\u1eefng l\u01b0u \u00fd v\u00e0 m\u1eb9o ch\u01a1i hi\u1ec7u qu\u1ea3 \u0111\u01b0\u1ee3c chia s\u1ebb t\u1eeb c\u00e1c cao th\u1ee7 v\u00e0 chuy\u00ean gia:<\/p>\n<div class=\"wp-block-image\" style=\"box-sizing: border-box; color: rgb(0, 0, 0); font-family: Roboto, sans-serif; font-size: 16px;\"><img alt=\"Kinh nghi\u1ec7m c\u00e1 c\u01b0\u1ee3c Li\u00eang Go88 s\u0103n ti\u1ec1n t\u1ef7 cho ng\u01b0\u1eddi ch\u01a1i\" class=\"wp-image-371\" src=\"https:\/\/taigamego88.info\/wp-content\/uploads\/2023\/07\/Lieng-go882.jpg\" style=\"border-style:none; box-sizing:border-box; display:inline-block; height:auto; max-width:100%; opacity:1; transition:opacity 1s ease 0s; vertical-align:bottom; width:800px\" \/><\/p>\n<p>Kinh nghi\u1ec7m c\u00e1 c\u01b0\u1ee3c Li\u00eang Go88 s\u0103n ti\u1ec1n t\u1ef7 cho ng\u01b0\u1eddi ch\u01a1i<\/p>\n<\/div>\n<h3>T\u1eadp trung cao \u0111\u1ed9 khi ch\u01a1i&nbsp;<\/h3>\n<p>\u0110\u1ec3 th\u1eafng tr\u00f2 ch\u01a1i c\u00e1 c\u01b0\u1ee3c n\u00e0y hay b\u1ea5t k\u1ec3 tr\u00f2 ch\u01a1i n\u00e0y th\u00ec anh em c\u01b0\u1ee3c th\u1ee7 c\u0169ng c\u1ea7n ph\u1ea3i t\u1eadp trung cao \u0111\u1ed9 v\u00e0 ki\u00ean nh\u1eabn trong qu\u00e1 tr\u00ecnh vui ch\u01a1i. H\u00e3y th\u01b0\u1eddng xuy\u00ean c\u1ea9n th\u1eadn trong t\u1eebng b\u01b0\u1edbc c\u00e1 c\u01b0\u1ee3c \u0111\u1ec3 \u0111\u1ea3m b\u1ea3o chi\u1ebfn th\u1eafng nhanh nh\u1ea5t.<\/p>\n<p>H\u00e3y t\u1eadp trung \u0111\u1ec3 chi\u1ebfn th\u1eafng 1 v\u00e1n l\u1edbn duy nh\u1ea5t l\u00e0 ng\u01b0\u1eddi ch\u01a1i \u0111\u00e3 c\u00f3 th\u1ec3 s\u0103n \u0111\u01b0\u1ee3c ti\u1ec1n th\u01b0\u1edfng l\u1edbn v\u1ec1 t\u00fai c\u1ee7a m\u00ecnh.<\/p>\n<p><span style=\"font-family:sans-serif,arial,verdana,trebuchet ms\">N\u1ebfu ng\u01b0\u1eddi ch\u01a1i \u0111\u00e1ng s\u1edf h\u1eefu m\u1ed9t b\u1ed9 b\u00e0i l\u1edbn th\u00ec c\u1ea7n ph\u1ea3i c\u00e2n nh\u1eafc v\u00e0 kh\u00f4ng n\u00ean t\u0103ng c\u01b0\u1ee3c ngay l\u1eadp t\u1ee9c m\u00e0 h\u00e3y quan s\u00e1t v\u00e0 c\u01b0\u1ee3c l\u1edbn trong nh\u1eefng v\u00e1n b\u00e0i ti\u1ebfp theo.<\/span><\/p>\n<h3>Xem x\u00e9t s\u1ed1 v\u1ed1n c\u01b0\u1ee3c c\u1ee7a ng\u01b0\u1eddi ch\u01a1i<\/h3>\n<p>\u0110\u1ec3 \u0111\u1ea3m b\u1ea3o th\u1eafng l\u1edbn v\u00e0 kh\u00f4ng g\u1eb7p b\u1ea5t k\u1ef3 r\u1ee7i ro n\u00e0o trong qu\u00e1 tr\u00ecnh c\u00e1 c\u01b0\u1ee3c th\u00ec ng\u01b0\u1eddi ch\u01a1i c\u1ea7n ph\u1ea3i ch\u1ee7 \u0111\u1ed9ng qu\u1ea3n l\u00fd \u0111\u01b0\u1ee3c v\u1ed1n c\u01b0\u1ee3c m\u00ecnh \u0111ang c\u00f3 \u0111\u1ec3 \u0111\u1ea3m b\u1ea3o mang v\u1ec1 \u0111\u01b0\u1ee3c chi\u1ebfn th\u1eafng l\u1edbn. Kh\u00f4ng n\u00ean c\u01b0\u1ee3c t\u1ea5t tay v\u00e0 h\u00e3y ph\u00e2n chia t\u1eebng m\u1ee9c c\u01b0\u1ee3c nh\u1ecf, vi\u1ec7c n\u00e0y s\u1ebd gi\u00fap cho ng\u01b0\u1eddi ch\u01a1i ki\u1ec3m so\u00e1t \u0111\u01b0\u1ee3c ti\u1ec1n v\u00e0o ti\u1ec1n ra. N\u1ebfu khoogn may thua c\u01b0\u1ee3c th\u00ec anh em v\u1eabn c\u00f2n c\u00f3 nhi\u1ec1u c\u01a1 h\u1ed9i kh\u00e1c \u0111\u1ec3 g\u1ee1 l\u1ea1i.<\/p>\n<h3>Ch\u1ecdn b\u00e0n ch\u01a1i ph\u00f9 h\u1ee3p v\u1edbi kh\u1ea3 n\u0103ng<\/h3>\n<p>Khi b\u1eaft \u0111\u1ea7u ch\u01a1i&nbsp;Li\u00eang Go88, anh em c\u01b0\u1ee3c th\u1ee7 khoogn c\u00f3 nhi\u1ec1u kinh nghi\u1ec7m th\u00ec h\u00e3y tham gia c\u00e1c b\u00e0n ch\u01a1i c\u01a1 b\u1ea3n \u0111\u1ec3 c\u00f3 th\u1ec3 v\u1eeba \u0111\u1eb7t c\u01b0\u1ee3c gi\u1ea3i tr\u00ed v\u1eeba h\u1ecdc h\u1ecfi th\u00eam kinh nghi\u1ec7m. Sau khi \u0111\u00e3 c\u00f3 \u0111\u1ea7y \u0111\u1ee7 ki\u1ebfn th\u1ee9c v\u00e0 chi\u1ebfn thu\u1eadt ch\u01a1i t\u1ed1t nh\u1ea5t, anh em c\u01b0\u1ee3c th\u1ee7 c\u00f3 th\u1ec3 thay \u0111\u1ed5i b\u00e0n ch\u01a1i v\u1edbi nh\u1eefng cao th\u1ee7 chi\u1ebfn h\u01a1n.&nbsp;<\/p>\n<h3>Gi\u1eef t\u00e2m l\u00fd \u1ed5n \u0111\u1ecbnh<\/h3>\n<p>V\u1edbi b\u1ea5t k\u1ef3 tr\u00f2 ch\u01a1i c\u00e1 c\u01b0\u1ee3c n\u00e0o th\u00ec ng\u01b0\u1eddi ch\u01a1i c\u0169ng c\u1ea7n ph\u1ea3i gi\u1eef t\u00e2m l\u00fd \u1ed5n \u0111\u1ecbnh nh\u1ea5t cho m\u00ecnh. Kh\u00f4ng n\u00ean qu\u00e1 quan tr\u1ecdng th\u1eafng thua m\u00e0 h\u00e3y xem \u0111\u00e2y ch\u1ec9 l\u00e0 nh\u1eefng v\u00e1n b\u00e0i gi\u1ea3i tr\u00ed th\u00f4ng th\u01b0\u1eddng \u0111\u1ec3 khoogn b\u1ecb \u00e1p l\u1ef1c qu\u00e1 l\u1edbn, N\u00ean ki\u00ean tr\u00ec v\u1edbi l\u1ef1a ch\u1ecdn c\u1ee7a m\u00ecnh \u0111\u1ec3 \u0111\u1ea3m b\u1ea3o tr\u00fang l\u1edbn.<\/p>\n<p><strong><span style=\"font-size:18px\"><a href=\"https:\/\/scoreahit.com\/nap-tien-go88\/\"><span style=\"color:#FF0000\"><span style=\"font-family:google sans,roboto,sans-serif\">go88 live<\/span><\/span><\/a><\/span><\/strong><\/p>\n<h2>L\u1eddi k\u1ebft<\/h2>\n<p>T\u1eeb c\u00e1c chia s\u1ebb tr\u00ean, nh\u1eefng th\u00f4ng tin v\u1ec1 game&nbsp;Li\u00eang Go88&nbsp;\u0111\u00e3 \u0111\u01b0\u1ee3c kh\u00e1i qu\u00e1t c\u1ee5 th\u1ec3 nh\u1ea5t \u0111\u1ebfn anh em c\u01b0\u1ee3c th\u1ee7. Mong r\u1eb1ng ng\u01b0\u1eddi ch\u01a1i s\u1ebd n\u1eafm \u0111\u01b0\u1ee3c nh\u1eefng v\u1ea5n \u0111\u1ec1 n\u00f3ng h\u1ed5i v\u00e0 b\u1ed5 \u00edch, h\u00e3y \u00e1p d\u1ee5ng th\u00e0nh c\u00f4ng v\u00e0o t\u1eebng v\u00e1n c\u01b0\u1ee3c game b\u00e0i n\u00e0y nh\u00e9.<\/p>\n<p style=\"text-align: center;font-size: 8px;font-weight: 600;display: flex;justify-content: center;color: blueviolet;\">POSTER FOXSEOTOOL<\/p>\n","protected":false},"excerpt":{"rendered":"<p>Hi\u1ec3u v\u1ec1 game b\u00e0i li\u00eang \u0111\u1ed5i th\u01b0\u1edfng Game b\u00e0i Li\u00eang \u1edf&nbsp;Go88&nbsp;\u0111\u01b0\u1ee3c ti\u1ebfn h\u00e0nh b\u1eb1ng b\u1ed9 b\u00e0i 52 l\u00e1 b\u00e0i T\u00e2y v\u00e0 \u0111\u01b0\u1ee3c r\u1ea5t nhi\u1ec1u ng\u01b0\u1eddi ch\u01a1i s\u0103n \u0111\u00f3n tham gia<\/p>\n","protected":false},"author":1,"featured_media":0,"parent":0,"menu_order":0,"comment_status":"closed","ping_status":"closed","template":"","meta":[],"_links":{"self":[{"href":"https:\/\/tragopsamsung.tabletplaza.vn\/index.php?rest_route=\/wp\/v2\/pages\/4710"}],"collection":[{"href":"https:\/\/tragopsamsung.tabletplaza.vn\/index.php?rest_route=\/wp\/v2\/pages"}],"about":[{"href":"https:\/\/tragopsamsung.tabletplaza.vn\/index.php?rest_route=\/wp\/v2\/types\/page"}],"author":[{"embeddable":true,"href":"https:\/\/tragopsamsung.tabletplaza.vn\/index.php?rest_route=\/wp\/v2\/users\/1"}],"replies":[{"embeddable":true,"href":"https:\/\/tragopsamsung.tabletplaza.vn\/index.php?rest_route=%2Fwp%2Fv2%2Fcomments&post=4710"}],"version-history":[{"count":1,"href":"https:\/\/tragopsamsung.tabletplaza.vn\/index.php?rest_route=\/wp\/v2\/pages\/4710\/revisions"}],"predecessor-version":[{"id":4711,"href":"https:\/\/tragopsamsung.tabletplaza.vn\/index.php?rest_route=\/wp\/v2\/pages\/4710\/revisions\/4711"}],"wp:attachment":[{"href":"https:\/\/tragopsamsung.tabletplaza.vn\/index.php?rest_route=%2Fwp%2Fv2%2Fmedia&parent=4710"}],"curies":[{"name":"wp","href":"https:\/\/api.w.org\/{rel}","templated":true}]}}